{"id":28,"date":"2018-10-20T20:27:12","date_gmt":"2018-10-20T18:27:12","guid":{"rendered":"http:\/\/architecturalpress.org\/?page_id=28"},"modified":"2020-12-13T12:54:40","modified_gmt":"2020-12-13T11:54:40","slug":"a-propos","status":"publish","type":"page","link":"https:\/\/architecturalpress.org\/index.php\/a-propos\/","title":{"rendered":"A propos"},"content":{"rendered":"<div class=\"page\" title=\"Page 1\">\n<div class=\"layoutArea\">\n<div class=\"column\">\n<p>PRESSES ARCHITECTURALES DE LYON \/ LYON ARCHITECTURAL PRESS , association loi 1901<\/p>\n<p>Les Presses architecturales de Lyon sont une maison d&rsquo;\u00e9dition, sous forme associative, dont l&rsquo;objet est de publier les travaux r\u00e9alis\u00e9s par les enseignants, les chercheurs et les \u00e9tudiants de l&rsquo;\u00e9cole nationale sup\u00e9rieure d&rsquo;architecture de Lyon prioritairement afin de participer aux \u00e9changes de savoirs, d&rsquo;exp\u00e9rimentations et de recherches dans les mondes universitaire, professionnel et plus largement grand public.<\/p>\n<p>Si\u00e8ge social : 20, rue Ren\u00e9 Leynaud, 69001 Lyon<br>\nSIRET : 831 648 910 00014 \/\/ APE : 5819Z (autres activit\u00e9s d&rsquo;\u00e9ditions)<\/p>\n<p>Pr\u00e9sident : Boris Roueff<br>\nTr\u00e9sori\u00e8re : Sidonie Joly<br>\nSecr\u00e9taire : Luna d&rsquo;Emilio<\/p>\n<\/div>\n<\/div>\n<\/div>\n\n<div data-block-name=\"woocommerce\/product-category\" data-categories=\"[51]\" class=\"wc-block-grid wp-block-product-category wp-block-woocommerce-product-category wc-block-product-category has-3-columns has-multiple-rows\"><ul class=\"wc-block-grid__products\"><li class=\"wc-block-grid__product\">\n\t\t\t\t<a href=\"https:\/\/architecturalpress.org\/index.php\/product\/adhesion-a-lassociation-e5\/\" class=\"wc-block-grid__product-link\">\n\t\t\t\t\t\n\t\t\t\t\t<div class=\"wc-block-grid__product-image\"><img loading=\"lazy\" decoding=\"async\" width=\"324\" height=\"324\" src=\"https:\/\/i0.wp.com\/architecturalpress.org\/wp-content\/uploads\/2020\/12\/Adhes_Etudiant.png?resize=324%2C324&amp;ssl=1\" class=\"attachment-woocommerce_thumbnail size-woocommerce_thumbnail\" alt=\"adh\u00e9sion \u00e0 l&#039;association \u20ac5\" srcset=\"https:\/\/i0.wp.com\/architecturalpress.org\/wp-content\/uploads\/2020\/12\/Adhes_Etudiant.png?w=515&amp;ssl=1 515w, https:\/\/i0.wp.com\/architecturalpress.org\/wp-content\/uploads\/2020\/12\/Adhes_Etudiant.png?resize=300%2C300&amp;ssl=1 300w, https:\/\/i0.wp.com\/architecturalpress.org\/wp-content\/uploads\/2020\/12\/Adhes_Etudiant.png?resize=150%2C150&amp;ssl=1 150w, https:\/\/i0.wp.com\/architecturalpress.org\/wp-content\/uploads\/2020\/12\/Adhes_Etudiant.png?resize=324%2C324&amp;ssl=1 324w, https:\/\/i0.wp.com\/architecturalpress.org\/wp-content\/uploads\/2020\/12\/Adhes_Etudiant.png?resize=100%2C100&amp;ssl=1 100w\" sizes=\"auto, (max-width: 324px) 100vw, 324px\" \/><\/div>\n\t\t\t\t\t<div class=\"wc-block-grid__product-title\">adh\u00e9sion \u00e0 l&rsquo;association \u20ac5<\/div>\n\t\t\t\t<\/a>\n\t\t\t\t<div class=\"wc-block-grid__product-price price\"><span class=\"woocommerce-Price-amount amount\">5,00<span class=\"woocommerce-Price-currencySymbol\">&euro;<\/span><\/span><\/div>\n\t\t\t\t\n\t\t\t\t<div class=\"wp-block-button wc-block-grid__product-add-to-cart\"><a href=\"\/index.php\/wp-json\/wp\/v2\/pages\/28?add-to-cart=2184\" aria-label=\"Ajouter au panier\u00a0: &ldquo;adh\u00e9sion \u00e0 l&#039;association \u20ac5&rdquo;\" data-quantity=\"1\" data-product_id=\"2184\" data-product_sku=\"ADHES_05\" data-price=\"5\" rel=\"nofollow\" class=\"wp-block-button__link  add_to_cart_button ajax_add_to_cart\">Ajouter au panier<\/a><\/div>\n\t\t\t<\/li><li class=\"wc-block-grid__product\">\n\t\t\t\t<a href=\"https:\/\/architecturalpress.org\/index.php\/product\/adhesion-a-lassociation-e15\/\" class=\"wc-block-grid__product-link\">\n\t\t\t\t\t\n\t\t\t\t\t<div class=\"wc-block-grid__product-image\"><img loading=\"lazy\" decoding=\"async\" width=\"324\" height=\"324\" src=\"https:\/\/i0.wp.com\/architecturalpress.org\/wp-content\/uploads\/2020\/12\/Adhes_Reduit.png?resize=324%2C324&amp;ssl=1\" class=\"attachment-woocommerce_thumbnail size-woocommerce_thumbnail\" alt=\"adh\u00e9sion \u00e0 l&#039;association \u20ac15\" srcset=\"https:\/\/i0.wp.com\/architecturalpress.org\/wp-content\/uploads\/2020\/12\/Adhes_Reduit.png?resize=150%2C150&amp;ssl=1 150w, https:\/\/i0.wp.com\/architecturalpress.org\/wp-content\/uploads\/2020\/12\/Adhes_Reduit.png?resize=324%2C324&amp;ssl=1 324w, https:\/\/i0.wp.com\/architecturalpress.org\/wp-content\/uploads\/2020\/12\/Adhes_Reduit.png?resize=100%2C100&amp;ssl=1 100w\" sizes=\"auto, (max-width: 324px) 100vw, 324px\" \/><\/div>\n\t\t\t\t\t<div class=\"wc-block-grid__product-title\">adh\u00e9sion \u00e0 l&rsquo;association \u20ac15<\/div>\n\t\t\t\t<\/a>\n\t\t\t\t<div class=\"wc-block-grid__product-price price\"><span class=\"woocommerce-Price-amount amount\">15,00<span class=\"woocommerce-Price-currencySymbol\">&euro;<\/span><\/span><\/div>\n\t\t\t\t\n\t\t\t\t<div class=\"wp-block-button wc-block-grid__product-add-to-cart\"><a href=\"\/index.php\/wp-json\/wp\/v2\/pages\/28?add-to-cart=2183\" aria-label=\"Ajouter au panier\u00a0: &ldquo;adh\u00e9sion \u00e0 l&#039;association \u20ac15&rdquo;\" data-quantity=\"1\" data-product_id=\"2183\" data-product_sku=\"ADHES_15\" data-price=\"15\" rel=\"nofollow\" class=\"wp-block-button__link  add_to_cart_button ajax_add_to_cart\">Ajouter au panier<\/a><\/div>\n\t\t\t<\/li><li class=\"wc-block-grid__product\">\n\t\t\t\t<a href=\"https:\/\/architecturalpress.org\/index.php\/product\/adhesion-a-lassociation-e30\/\" class=\"wc-block-grid__product-link\">\n\t\t\t\t\t\n\t\t\t\t\t<div class=\"wc-block-grid__product-image\"><img loading=\"lazy\" decoding=\"async\" width=\"324\" height=\"324\" src=\"https:\/\/i0.wp.com\/architecturalpress.org\/wp-content\/uploads\/2018\/01\/Adhes_Normal.png?resize=324%2C324&amp;ssl=1\" class=\"attachment-woocommerce_thumbnail size-woocommerce_thumbnail\" alt=\"adh\u00e9sion \u00e0 l&#039;association \u20ac30\" srcset=\"https:\/\/i0.wp.com\/architecturalpress.org\/wp-content\/uploads\/2018\/01\/Adhes_Normal.png?w=515&amp;ssl=1 515w, https:\/\/i0.wp.com\/architecturalpress.org\/wp-content\/uploads\/2018\/01\/Adhes_Normal.png?resize=300%2C300&amp;ssl=1 300w, https:\/\/i0.wp.com\/architecturalpress.org\/wp-content\/uploads\/2018\/01\/Adhes_Normal.png?resize=150%2C150&amp;ssl=1 150w, https:\/\/i0.wp.com\/architecturalpress.org\/wp-content\/uploads\/2018\/01\/Adhes_Normal.png?resize=324%2C324&amp;ssl=1 324w, https:\/\/i0.wp.com\/architecturalpress.org\/wp-content\/uploads\/2018\/01\/Adhes_Normal.png?resize=416%2C417&amp;ssl=1 416w, https:\/\/i0.wp.com\/architecturalpress.org\/wp-content\/uploads\/2018\/01\/Adhes_Normal.png?resize=100%2C100&amp;ssl=1 100w\" sizes=\"auto, (max-width: 324px) 100vw, 324px\" \/><\/div>\n\t\t\t\t\t<div class=\"wc-block-grid__product-title\">adh\u00e9sion \u00e0 l&rsquo;association \u20ac30<\/div>\n\t\t\t\t<\/a>\n\t\t\t\t<div class=\"wc-block-grid__product-price price\"><span class=\"woocommerce-Price-amount amount\">30,00<span class=\"woocommerce-Price-currencySymbol\">&euro;<\/span><\/span><\/div>\n\t\t\t\t\n\t\t\t\t<div class=\"wp-block-button wc-block-grid__product-add-to-cart\"><a href=\"\/index.php\/wp-json\/wp\/v2\/pages\/28?add-to-cart=2108\" aria-label=\"Ajouter au panier\u00a0: &ldquo;adh\u00e9sion \u00e0 l&#039;association \u20ac30&rdquo;\" data-quantity=\"1\" data-product_id=\"2108\" data-product_sku=\"ADHES_30\" data-price=\"30\" rel=\"nofollow\" class=\"wp-block-button__link  add_to_cart_button ajax_add_to_cart\">Ajouter au panier<\/a><\/div>\n\t\t\t<\/li><\/ul><\/div>","protected":false},"excerpt":{"rendered":"<p>PRESSES ARCHITECTURALES DE LYON \/ LYON ARCHITECTURAL PRESS , association loi 1901 Les Presses architecturales de Lyon sont une maison d&rsquo;\u00e9dition, sous forme associative, dont l&rsquo;objet est de publier les travaux r\u00e9alis\u00e9s par les enseignants, les chercheurs et les \u00e9tudiants de l&rsquo;\u00e9cole nationale sup\u00e9rieure d&rsquo;architecture de Lyon prioritairement afin de participer aux \u00e9changes de savoirs, [&hellip;]<\/p>\n","protected":false},"author":1,"featured_media":0,"parent":0,"menu_order":0,"comment_status":"closed","ping_status":"closed","template":"","meta":{"footnotes":""},"class_list":["post-28","page","type-page","status-publish","hentry"],"jetpack_sharing_enabled":true,"jetpack_shortlink":"https:\/\/wp.me\/PaTzwY-s","_links":{"self":[{"href":"https:\/\/architecturalpress.org\/index.php\/wp-json\/wp\/v2\/pages\/28","targetHints":{"allow":["GET"]}}],"collection":[{"href":"https:\/\/architecturalpress.org\/index.php\/wp-json\/wp\/v2\/pages"}],"about":[{"href":"https:\/\/architecturalpress.org\/index.php\/wp-json\/wp\/v2\/types\/page"}],"author":[{"embeddable":true,"href":"https:\/\/architecturalpress.org\/index.php\/wp-json\/wp\/v2\/users\/1"}],"replies":[{"embeddable":true,"href":"https:\/\/architecturalpress.org\/index.php\/wp-json\/wp\/v2\/comments?post=28"}],"version-history":[{"count":0,"href":"https:\/\/architecturalpress.org\/index.php\/wp-json\/wp\/v2\/pages\/28\/revisions"}],"wp:attachment":[{"href":"https:\/\/architecturalpress.org\/index.php\/wp-json\/wp\/v2\/media?parent=28"}],"curies":[{"name":"wp","href":"https:\/\/api.w.org\/{rel}","templated":true}]}}