{"id":2071,"date":"2020-04-13T21:21:13","date_gmt":"2020-04-13T19:21:13","guid":{"rendered":"https:\/\/architecturalpress.org\/?post_type=product&#038;p=2071"},"modified":"2024-07-09T16:02:53","modified_gmt":"2024-07-09T14:02:53","slug":"le-risque-dhabiter-2016-19","status":"publish","type":"product","link":"https:\/\/architecturalpress.org\/index.php\/product\/le-risque-dhabiter-2016-19\/","title":{"rendered":"Le risque d&rsquo;habiter, 2016-19"},"content":{"rendered":"<h4><strong>Entre Etang de Berre et Golfe de Fos-sur-Mer<\/strong><\/h4>\r\n\r\n<p>Travaux issus du domaine d\u2019\u00e9tudes en master \u00ab Architecture et transitions \u00e9co-constructives \u00bb &#8211; ATEC &#8211; de l\u2019Ecole nationale sup\u00e9rieure d\u2019architecture de Lyon &#8211; ENSAL. Cet ouvrage rassemble les 62 projets de fin d\u2019\u00e9tudes d\u2019\u00e9tudiants du studio \u00ab le risque d\u2019habiter \u00bb qui durant trois ans ont \u00e9t\u00e9 le pr\u00e9texte pour explorer un territoire singulier entre Etang de Berre et Golfe de Fos-sur-Mer, \u00e0 l\u2019ouest de la m\u00e9tropole marseillaise. Ce milieu allie \u00e9tonnamment de nombreux paradoxes r\u00e9v\u00e9lateurs du monde actuel, entre industries p\u00e9trochimiques et natures sauvages ou artificielles, vie de quartier et zones pavillonnaires, municipalit\u00e9s aux dynamiques propres\u2026 Dans ce milieu couvert par des superpositions de p\u00e9rim\u00e8tres r\u00e9glementaires de tous ordres, o\u00f9 s\u2019empilent les normes comme probablement nulle part ailleurs, les \u00e9tudiants ont d\u00fb composer avec les r\u00e9alit\u00e9s du milieu pour projeter des architectures qui fassent sens ici. Ils ont voulu cet ouvrage d\u2019architectures imagin\u00e9 comme un guide pour que les habitu\u00e9s de ces lieux puissent eux-m\u00eames projeter leur milieu dans les nouveaux paradigmes qui s\u2019ouvrent \u00e0 tous.<\/p>\r\n\r\n\r\n\r\n<p><em>Pour le domaine d\u2019\u00e9tudes de master Architecture et transitions \u00e9co-constructives de l\u2019Ecole nationale sup\u00e9rieure d\u2019architecture de Lyon &#8211; ENSAL<br \/>Sous la coordination de Boris Roueff <br \/>Conception graphique et r\u00e9alisation : Romane Guillou et Lisa Lamotte. Les textes et illustrations n\u2019engagent que leurs auteurs respectifs. <br \/>D\u00e9p\u00f4t l\u00e9gal : avril 2020 \/ ISBN : 978-2-490820-10-8 \/ distribution num\u00e9rique<br \/><br \/><\/em><em>Auteurs des textes : Boris Roueff, Sophie Bertan de Balanda, Sandrine Lemire, Magali Gouiran, Juan Socas , Chantal Dugave<\/em><br \/><em>Projets de : Ad\u00e8le Duboz , Alban Mayer , Alexandre Bellanger , Alexandre Goy , Amandine Boissiere , Anaelle Quillet , Anais Charlier , Anna Ponizy , Anne Vallerent , Audrey Renevier , Brice Franquesa-Naas , Charlotte Giordanino , Chryst\u00e8le Miettaux, , Claire Chappart , Clarisse Authier , Cl\u00e9mence Creusy , Clemence Guitton , Cl\u00e9mentine Lelievre , Coralie Chataigner , Corentin Robert , Elise Coudray , Elsa Cade , Emilie Ozibon , Emilien Krzewina , Emma Folliet , Frederic Paulet , H\u00e9loise Bonnat , Huong-Mai-Lan Lang , J\u00e9r\u00e9my Chavanon , Johana Pignard , Julie Escoffier , Julie Boirin , Julien Croitoru , Juliette Chuzel , Laetitia Priem , Lisa Lamotte , Lisa-Marie Dubiez , Louise Guisado , Lucile Jacquot , Magdalena Guillot , Malo Guesne , Marie-Wandrille Baratte , Marine Pigal , Martin Jouannic , Mathieu Sigot , Maxence Mondeme , No\u00e9mie Tschanz , Olivier Montesse , Pauline Chagnoleau , P\u00e9n\u00e9lope Lallemand , Pierre Marthinet , Pierrick Augereau , Rapha\u00ebl Bonelli , R\u00e9mi Tremouilhac , Robin Vitus , Romane Guillou , Ronan Mathieu , Selene Villalejo-Cota , Selma Bencheqroun , Sixtine Gibert , Sophie Rullet , Th\u00e9o Tallaron , V\u00e9ra Seng , Victor Didier , Vincent Orthlieb , Vladimir De Mollerat Du Jeu , Yoan Mayer , Zoubair Zerouali.<\/em><\/p>\r\n","protected":false},"excerpt":{"rendered":"<p><!-- wp:paragraph --><\/p>\n<p>Travaux issus du domaine d\u2019\u00e9tudes en master \u00ab Architecture et transitions \u00e9co-constructives \u00bb &#8211; ATEC &#8211; de l\u2019Ecole nationale sup\u00e9rieure d\u2019architecture de Lyon &#8211; ENSAL. Cet ouvrage rassemble les 62 projets de fin d\u2019\u00e9tudes d\u2019\u00e9tudiants du studio \u00ab le risque d\u2019habiter \u00bb qui durant trois ans &#8230;.<\/p>\n<p><!-- \/wp:paragraph --><\/p>\n<p><!-- wp:paragraph --><\/p>\n<p><em>Sous la coordination de Boris Roueff <br \/>Conception graphique et r\u00e9alisation : Romane Guillou et Lisa Lamotte<br \/>D\u00e9p\u00f4t l\u00e9gal : avril 2020 <br \/><\/em><em>ISBN : 9782490820108\u00a0<br \/>distribution num\u00e9rique<\/em><\/p>\n<p><!-- \/wp:paragraph --><\/p>\n","protected":false},"featured_media":2035,"template":"","meta":[],"product_brand":[],"product_cat":[32,46,18,50,44,35],"product_tag":[27,28],"class_list":{"0":"post-2071","1":"product","2":"type-product","3":"status-publish","4":"has-post-thumbnail","6":"product_cat-gratuit","7":"product_cat-pdf","8":"product_cat-pedagogique","9":"product_cat-sur-le-site","10":"product_cat-telechargeable","11":"product_cat-travaux-pedagogiques","12":"product_tag-projet-darchitecture","13":"product_tag-pfe","14":"product_shipping_class-telechargement","16":"first","17":"instock","18":"downloadable","19":"shipping-taxable","20":"purchasable","21":"product-type-simple"},"jetpack_sharing_enabled":true,"_links":{"self":[{"href":"https:\/\/architecturalpress.org\/index.php\/wp-json\/wp\/v2\/product\/2071","targetHints":{"allow":["GET"]}}],"collection":[{"href":"https:\/\/architecturalpress.org\/index.php\/wp-json\/wp\/v2\/product"}],"about":[{"href":"https:\/\/architecturalpress.org\/index.php\/wp-json\/wp\/v2\/types\/product"}],"wp:featuredmedia":[{"embeddable":true,"href":"https:\/\/architecturalpress.org\/index.php\/wp-json\/wp\/v2\/media\/2035"}],"wp:attachment":[{"href":"https:\/\/architecturalpress.org\/index.php\/wp-json\/wp\/v2\/media?parent=2071"}],"wp:term":[{"taxonomy":"product_brand","embeddable":true,"href":"https:\/\/architecturalpress.org\/index.php\/wp-json\/wp\/v2\/product_brand?post=2071"},{"taxonomy":"product_cat","embeddable":true,"href":"https:\/\/architecturalpress.org\/index.php\/wp-json\/wp\/v2\/product_cat?post=2071"},{"taxonomy":"product_tag","embeddable":true,"href":"https:\/\/architecturalpress.org\/index.php\/wp-json\/wp\/v2\/product_tag?post=2071"}],"curies":[{"name":"wp","href":"https:\/\/api.w.org\/{rel}","templated":true}]}}