{"id":2105,"date":"2019-10-07T21:12:38","date_gmt":"2019-10-07T19:12:38","guid":{"rendered":"https:\/\/architecturalpress.org\/?post_type=product&#038;p=2105"},"modified":"2024-07-09T16:02:57","modified_gmt":"2024-07-09T14:02:57","slug":"les-livrets-du-premier-semestre-2016-17","status":"publish","type":"product","link":"https:\/\/architecturalpress.org\/index.php\/product\/les-livrets-du-premier-semestre-2016-17\/","title":{"rendered":"Les livrets du premier semestre &#8211; 2016-17"},"content":{"rendered":"\r\n<p><\/p>\r\n<p>Ces livrets pr\u00e9sentent les premiers travaux des \u00e9tudiants qui se sont engag\u00e9s dans les \u00e9tudes d\u2019architecture \u00e0 l\u2019ENSAL. Chaque ann\u00e9e fait l&rsquo;objet de deux volumes : \u00ab analyse architecturale \u00bb et \u00ab atelier de projet \u00bb .<\/p>\r\n<p>\r\n\r\n<\/p>\r\n<p>Cette s\u00e9rie t\u00e9moigne tout d\u2019abord de l\u2019engagement des \u00e9tudiants dans la d\u00e9couverte d\u2019une nouvelle discipline, dont la plupart ignore presque tout. Chacun arrive \u00e0 l\u2019\u00e9cole avec ses propres envies, ses propres motivations, ses propres intuitions, dans ce que l\u2019architecture peut lui offrir. Mais entre observer, visiter, pratiquer au quotidien des lieux construits, et concevoir\u00a0 ou inventer de nouveaux lieux \u00e0 habiter, avec la conscience qu\u2019ils pourront aussi transformer le paysage, mobiliser certaines ressources (mati\u00e8res, \u00e9nergies, savoirs-faire\u2026), procurer de nouvelles \u00e9motions \u2026 Il y a un chemin \u00e0 prendre avec d\u00e9termination.<\/p>\r\n\r\n\r\n\r\n<p><em>2016-17 , volume 1 : analyse architecturale , semestre 1 &#8211; isbn : 978-2-490820-04-7 \/ distribution num\u00e9rique<\/em><br \/><em>2016-17 , volume 2 : atelier de projet , semestre 1 &#8211; isbn : 978-2-490820-05-4 \/ distribution num\u00e9rique<br \/>D\u00e9p\u00f4t l\u00e9gal : septembre 2019\u00a0<\/em><\/p>\r\n<div class=\"page\" title=\"Page 4\">\r\n<div class=\"layoutArea\">\r\n<div class=\"column\">\r\n<p><em>Equipe enseignante : \u00a0Marc BIGARNET et Sidonie JOLY, co-responsables, et Elisabeth POLZELLA , Pascal FOSSE , Yves MOUTTON , Julien JOLY , Juan SOCAS.\u00a0<\/em><br \/><em>Maquette graphique : Sidonie Joly \/ Archivage : Benjamin Gevers<br \/><\/em><em>Travaux de : ABIVEN H\u00e9lo\u00efse , ABRASSART Marika , ADJIMI Valentin , AGUEH Laurie , BABINET Jules , BARGIS Jules , BARGUES Ad\u00e8le , BASQUEZ Lisa , BELPOIS Julie , BENIT Julie , BEREZIAT Arthur , BERTHOT Charlie , BICHON L\u00e9ocadie , BLANC Marion , BLANCHOZ Toky , BROUET Clara , BRUNET-JOLY Sixtine , BULLE F\u00e9licie , BURTIN Paul , CABIRON Samuel , CAMINADE Lola , CARDON Lucie , CARLIER Lou , CHALLAMEL Chlo\u00e9 , HENAULT Clemence , CIPRELLI Camille , DAUMALLE L\u00e9a , DE ROSSI Thomas , DECHAMPS Lucas , DECRESSAC Melissa , DELVIT Arnaud , DEMAREZ Anais , DESENCLOS Lola , DUDAY Juliette , EHRESMANN Salom\u00e9 , EMONET Samuel , EMSEEH Danial , FORAZ Julie , FROIDEFOND Jean-Baptiste , GALLINELLI-GONZALEZ Mathilde , GELINEAU L\u00e9a , GERIN Kevin , GETTI Sol\u00e8ne , GOUTHERAUD Louise , GRATIENNo\u00e9mie , GR\u00c9GIS Bastien , GUERIN Pauline , GUERREIRO Jessica , GUILLEAUTOT Claire , GUTTY Philipine , HAMADI Myriam , HERVY Domitille , HOUDEBINE Lola , HUMBLOT Coline , JOLIVET Juliette , JOUVE Perrine , KLEINE Coralie , KOEHL Emeline , LAAROUSSI Zainab , LABROUSSE Raphael , LASSEUR Camille , LEFEBVRE El\u00e9onore , LEGROS Maeva , LE ROUX Orph\u00e9e , LITAUDON Nicolas , LUKACOVA Barbora , MANCHON Pauline , MANZINI-FAHNDRIC Vincent , MARINO Kenza , MARTIN Mya , MENSAHT\u00e9vi , MESSIN Paul , MEZIERE Marie-Charlotte , MONOD Alexandre , MULLER Natacha , MUTH K\u00e9vin , NAMINZO Sa\u00efda , NAZARET J\u00e9r\u00e9my , NGUYEN Tuan Khang , NIZOU Manon , NOLTET Paul , OLAGBEMIRO Samantha , OUAHI Wissal , PACQUELET Fran\u00e7ois , PALAU Eug\u00e9nie , PERRIN Lilian , PERRIN &#8211; LUCIANI Zo\u00e9 , PERROT C\u00f4me , PLAUD Pauline , POUTSIAKAS Ilias , PRENEZ C\u00e9lina , RAMBERT Dorine , RANC Valentin , RECEVEUR Apolline , REIN Emma , ROCHE-BONET Paola , ROLAND M\u00e9lodie , ROUX Bastien , ROY Quentin , SAFYANE Camilia , SANOGO Charlyne , SARAIS Hugo , SERENNES Capucine , SULMONT Elisabeth , TROUILLET Calliope , VAILLANT DE GUELIS Caroline , VAN BEEK Charline , VANDEN BORRE Maya , VAURS Ma\u00eblle , Y\u00c9O Amy , ZILLI BONIFACIO Marlon<\/em><\/p>\r\n<\/div>\r\n<\/div>\r\n<\/div>\r\n","protected":false},"excerpt":{"rendered":"<p><!-- wp:paragraph --><\/p>\n<p>Ces livrets pr\u00e9sentent les premiers travaux des \u00e9tudiants qui se sont engag\u00e9s dans les \u00e9tudes d\u2019architecture \u00e0 l\u2019ENSAL. Chaque ann\u00e9e fait l&rsquo;objet de deux volumes : \u00ab analyse architecturale \u00bb et \u00ab atelier de projet \u00bb .<\/p>\n<p><!-- \/wp:paragraph --><\/p>\n<p><!-- wp:paragraph --><\/p>\n<p><!-- \/wp:paragraph --><\/p>\n<p><!-- wp:paragraph --><\/p>\n<p><em>2016-17 , volume 1 : analyse architecturale , semestre 1 &#8211; isbn : 978-2-490820-04-7 \/ distribution num\u00e9rique<br \/>2016-17 , volume 2 : atelier de projet , semestre 1 &#8211; isbn : 978-2-490820-05-4 \/ distribution num\u00e9rique<br \/>D\u00e9p\u00f4t l\u00e9gal : septembre 2019\u00a0<br \/><\/em><\/p>\n<p><!-- \/wp:paragraph --><\/p>\n","protected":false},"featured_media":184,"template":"","meta":[],"product_brand":[],"product_cat":[32,46,18,50,44,35],"product_tag":[62,64,27],"class_list":{"0":"post-2105","1":"product","2":"type-product","3":"status-publish","4":"has-post-thumbnail","6":"product_cat-gratuit","7":"product_cat-pdf","8":"product_cat-pedagogique","9":"product_cat-sur-le-site","10":"product_cat-telechargeable","11":"product_cat-travaux-pedagogiques","12":"product_tag-architecture","13":"product_tag-licence","14":"product_tag-projet-darchitecture","15":"product_shipping_class-telechargement","17":"first","18":"instock","19":"downloadable","20":"virtual","21":"purchasable","22":"product-type-simple"},"jetpack_sharing_enabled":true,"_links":{"self":[{"href":"https:\/\/architecturalpress.org\/index.php\/wp-json\/wp\/v2\/product\/2105","targetHints":{"allow":["GET"]}}],"collection":[{"href":"https:\/\/architecturalpress.org\/index.php\/wp-json\/wp\/v2\/product"}],"about":[{"href":"https:\/\/architecturalpress.org\/index.php\/wp-json\/wp\/v2\/types\/product"}],"wp:featuredmedia":[{"embeddable":true,"href":"https:\/\/architecturalpress.org\/index.php\/wp-json\/wp\/v2\/media\/184"}],"wp:attachment":[{"href":"https:\/\/architecturalpress.org\/index.php\/wp-json\/wp\/v2\/media?parent=2105"}],"wp:term":[{"taxonomy":"product_brand","embeddable":true,"href":"https:\/\/architecturalpress.org\/index.php\/wp-json\/wp\/v2\/product_brand?post=2105"},{"taxonomy":"product_cat","embeddable":true,"href":"https:\/\/architecturalpress.org\/index.php\/wp-json\/wp\/v2\/product_cat?post=2105"},{"taxonomy":"product_tag","embeddable":true,"href":"https:\/\/architecturalpress.org\/index.php\/wp-json\/wp\/v2\/product_tag?post=2105"}],"curies":[{"name":"wp","href":"https:\/\/api.w.org\/{rel}","templated":true}]}}