{"id":2110,"date":"2019-10-07T21:15:18","date_gmt":"2019-10-07T19:15:18","guid":{"rendered":"https:\/\/architecturalpress.org\/?post_type=product&#038;p=2110"},"modified":"2024-07-04T14:05:56","modified_gmt":"2024-07-04T12:05:56","slug":"les-livrets-du-premier-semestre-2017-18","status":"publish","type":"product","link":"https:\/\/architecturalpress.org\/index.php\/product\/les-livrets-du-premier-semestre-2017-18\/","title":{"rendered":"Les livrets du premier semestre &#8211; 2017-18"},"content":{"rendered":"\r\n<p><\/p>\r\n<p>Ces livrets pr\u00e9sentent les premiers travaux des \u00e9tudiants qui se sont engag\u00e9s dans les \u00e9tudes d\u2019architecture \u00e0 l\u2019ENSAL. Chaque ann\u00e9e fait l&rsquo;objet de deux volumes : \u00ab analyse architecturale \u00bb et \u00ab atelier de projet \u00bb .<\/p>\r\n<p>\r\n\r\n<\/p>\r\n<p>Cette s\u00e9rie t\u00e9moigne tout d\u2019abord de l\u2019engagement des \u00e9tudiants dans la d\u00e9couverte d\u2019une nouvelle discipline, dont la plupart ignore presque tout. Chacun arrive \u00e0 l\u2019\u00e9cole avec ses propres envies, ses propres motivations, ses propres intuitions, dans ce que l\u2019architecture peut lui offrir. Mais entre observer, visiter, pratiquer au quotidien des lieux construits, et concevoir\u00a0 ou inventer de nouveaux lieux \u00e0 habiter, avec la conscience qu\u2019ils pourront aussi transformer le paysage, mobiliser certaines ressources (mati\u00e8res, \u00e9nergies, savoirs-faire\u2026), procurer de nouvelles \u00e9motions \u2026 Il y a un chemin \u00e0 prendre avec d\u00e9termination.<\/p>\r\n\r\n\r\n\r\n<p><em>2017-18 , volume 1 : analyse architecturale , semestre 1 &#8211; isbn : 978-2-490820-06-1\/ distribution num\u00e9rique<\/em><br \/><em>2017-18 , volume 2 : atelier de projet , semestre 1 &#8211; isbn : 978-2-490820-07-8 \/ distribution num\u00e9rique<br \/>D\u00e9p\u00f4t l\u00e9gal : septembre 2019\u00a0<\/em><\/p>\r\n<div class=\"page\" title=\"Page 4\">\r\n<div class=\"layoutArea\">\r\n<div class=\"column\">\r\n<p><em>Equipe enseignante : \u00a0Marc BIGARNET et Sidonie JOLY, co-responsables, et Elisabeth POLZELLA , Pascal FOSSE , Yves MOUTTON , Julien JOLY , Juan SOCAS.\u00a0<\/em><br \/><em>Maquette graphique : Sidonie Joly \/ Archivage : Nicolas Guieu<\/em><\/p>\r\n<div class=\"page\" title=\"Page 4\">\r\n<div class=\"layoutArea\">\r\n<div class=\"column\">\r\n<p><em>Travaux de : AFIF Sarah , AGOUMI Ismail , AHAMADA MOHAMADI Ibrahim , APCHER Justine , AVEDIAN Morgane , AVEDIAN MORGANE Morgane , BARRIQUAND Jeanne , BEAL Guillaume , BERTHELOT Pierre , BERTHIER Ambroise , BESSET Claire , BIRMEC Doga , BOISSARD Clara , BOUILLOUX Lisa , BOUZIDI Ouiame , BRI\u00c9 Maxime , BROUAT Jocelyn , BRUNO Louis , BRY Ir\u00e8ne , CANAY Beril , CAPRA Kyra , CHAMPENOIS In\u00e8s , CHARBONNEL Adrien , CHARVIER Marie , CHATELARD Camille , CHELLIT Ines , CHOI Hyang , COLLOT<span class=\"Apple-converted-space\">\u00a0 <\/span>Constance , DAYNES Arthur , DESBIOLLES<span class=\"Apple-converted-space\">\u00a0 <\/span>Salom\u00e9 , DESPLACE Gauthier , DEVEZE Lucas , DOGNIN Jules , DONY Nicolas , DUC Mathias , DURAND Lou , DURAND-GLOUCHKOFF Pierrick , FARAGO Elo\u00efse , FARAUT M\u00e9lissa , FEUVRIER Alice , FOSSEY-MISERY<span class=\"Apple-converted-space\">\u00a0 <\/span>Uilleann , FOUILLAT Maxime , FOURCADE Jeanne , FROIDEFOND Jean-Baptiste , GARBEZ Camille , GARGADENNEC Lou , GAUTIER<span class=\"Apple-converted-space\">\u00a0 <\/span>Johanna , GEDEON Mathilde , GHIGO Leeloo , GRANGER Mathilde , GROSCLAUDE Eva , GUERY Marion , HAMMOND BONILLA<span class=\"Apple-converted-space\">\u00a0 <\/span>Natalia , HIDOUCHE Sofia , ILIBAGIZA Rapha\u00eblla , JACQUET Lucas , JEAN Carine , JOLIVET Juliette , KESKIN Tulay , LAMBERT Lola , LAPRAY Elisa , LEBLANC Justine , LECOMTE Smila , LEROY Chlo\u00e9 , LEVILLY-BRANCART Felix , MANTZ-VILLAIN Lauryn , MARCEL Elise<span class=\"Apple-converted-space\">\u00a0 <\/span>, MARCHAL Titouan , MARGARIT Beno\u00eet , MARI Lalie , MATHIS Juliette , MIEUSSENS Ana\u00efs , NGUYEN MINH Duc , NODOT Eug\u00e9nie , OLAGBEMIRO Samantha , PARROT Alexis , PERLOT Elsa , PERRIN Luc , PEYRIN Lucie , PILLOT Emma , PINGET Paul , PIVET Jules , POL-ROGER Tanguy , POULY Elisa , PRIN Alban , RAMBAUD Lucille , RAYMOND Keziah , REVET Anna , RICOME Lou , RIGHETTI Elise , ROBIN Maude , SACHE Zo\u00e9 , SA\u00cfBI Amel , SARI Adinda , SARIANE A\u00efcha , SAULNIER Clara , SELLAK Yasmine , SHEPHERD Ajna , STANEK Fran\u00e7ois , STEININGER Marion , STRUMEYER Marie , SUE Ombeline , TA\u00cfBI Sarah , TARENNE H\u00e9lo\u00efse , T\u00caTARD Marie-Am\u00e9lie , TOUTAIN Guillaume , TROADEC Th\u00e9o , VAYRETTE Laure , VIDAL Lise , WOUTERS El\u00e9a , YOO Hejin , ZEROUKI Chanel , ZOUGGARI Mariem<\/em><\/p>\r\n<p>&nbsp;<\/p>\r\n<\/div>\r\n<\/div>\r\n<\/div>\r\n<\/div>\r\n<\/div>\r\n<\/div>\r\n","protected":false},"excerpt":{"rendered":"<p><!-- wp:paragraph --><\/p>\n<p>Ces livrets pr\u00e9sentent les premiers travaux des \u00e9tudiants qui se sont engag\u00e9s dans les \u00e9tudes d\u2019architecture \u00e0 l\u2019ENSAL. Chaque ann\u00e9e fait l&rsquo;objet de deux volumes : \u00ab analyse architecturale \u00bb et \u00ab atelier de projet \u00bb .<\/p>\n<p><!-- \/wp:paragraph --><\/p>\n<p><!-- wp:paragraph --><\/p>\n<p><!-- \/wp:paragraph --><\/p>\n<p><!-- wp:paragraph --><\/p>\n<p><em>2017-18 , volume 1 : analyse architecturale , semestre 1 &#8211; isbn : 978-2-490820-06-1\/ distribution num\u00e9rique<br \/>2017-18 , volume 2 : atelier de projet , semestre 1 &#8211; isbn : 978-2-490820-07-8 \/ distribution num\u00e9rique<br \/>D\u00e9p\u00f4t l\u00e9gal : septembre 2019\u00a0<\/em><\/p>\n<p><!-- \/wp:paragraph --><\/p>\n","protected":false},"featured_media":185,"template":"","meta":[],"product_brand":[],"product_cat":[32,46,18,50,44,35],"product_tag":[62,64,27],"class_list":{"0":"post-2110","1":"product","2":"type-product","3":"status-publish","4":"has-post-thumbnail","6":"product_cat-gratuit","7":"product_cat-pdf","8":"product_cat-pedagogique","9":"product_cat-sur-le-site","10":"product_cat-telechargeable","11":"product_cat-travaux-pedagogiques","12":"product_tag-architecture","13":"product_tag-licence","14":"product_tag-projet-darchitecture","15":"product_shipping_class-telechargement","17":"first","18":"instock","19":"downloadable","20":"virtual","21":"purchasable","22":"product-type-simple"},"jetpack_sharing_enabled":true,"_links":{"self":[{"href":"https:\/\/architecturalpress.org\/index.php\/wp-json\/wp\/v2\/product\/2110","targetHints":{"allow":["GET"]}}],"collection":[{"href":"https:\/\/architecturalpress.org\/index.php\/wp-json\/wp\/v2\/product"}],"about":[{"href":"https:\/\/architecturalpress.org\/index.php\/wp-json\/wp\/v2\/types\/product"}],"wp:featuredmedia":[{"embeddable":true,"href":"https:\/\/architecturalpress.org\/index.php\/wp-json\/wp\/v2\/media\/185"}],"wp:attachment":[{"href":"https:\/\/architecturalpress.org\/index.php\/wp-json\/wp\/v2\/media?parent=2110"}],"wp:term":[{"taxonomy":"product_brand","embeddable":true,"href":"https:\/\/architecturalpress.org\/index.php\/wp-json\/wp\/v2\/product_brand?post=2110"},{"taxonomy":"product_cat","embeddable":true,"href":"https:\/\/architecturalpress.org\/index.php\/wp-json\/wp\/v2\/product_cat?post=2110"},{"taxonomy":"product_tag","embeddable":true,"href":"https:\/\/architecturalpress.org\/index.php\/wp-json\/wp\/v2\/product_tag?post=2110"}],"curies":[{"name":"wp","href":"https:\/\/api.w.org\/{rel}","templated":true}]}}