{"id":2115,"date":"2019-07-25T23:03:20","date_gmt":"2019-07-25T21:03:20","guid":{"rendered":"https:\/\/architecturalpress.org\/?post_type=product&#038;p=2115"},"modified":"2023-12-26T10:31:15","modified_gmt":"2023-12-26T09:31:15","slug":"lobsolescence-de-la-ville","status":"publish","type":"product","link":"https:\/\/architecturalpress.org\/index.php\/product\/lobsolescence-de-la-ville\/","title":{"rendered":"L&rsquo;Obsolescence de la Ville"},"content":{"rendered":"\r\n\r\n\r\n<h4>Restitution de la journ\u00e9e d\u2019\u00e9tudes AMTH, mai 2019<\/h4>\r\n<p>Ce livret pr\u00e9sente et restitue la journ\u00e9e d&rsquo;\u00e9tude \u00ab\u00a0L&rsquo;obsolescence de la ville\u00a0\u00bb qui s&rsquo;est d\u00e9roul\u00e9e le 14 mai 2019 \u00e0 l&rsquo;Ecole Nationale Sup\u00e9rieure d&rsquo;Architecture de Lyon. Cet \u00e9v\u00e8nement a \u00e9t\u00e9 con\u00e7u et organis\u00e9 par des \u00e9tudiants de master 2 de l&rsquo;ENSA-Lyon, dans le cadre\u00a0du S\u00e9minaire de master Architecture M\u00e9tropoles et Territoires Habit\u00e9s. Ce livret, r\u00e9alis\u00e9 par les \u00e9tudiants, retrace la gen\u00e8se de la journ\u00e9e d&rsquo;\u00e9tude, pr\u00e9sente les th\u00e9matiques abord\u00e9es et restitue de mani\u00e8re synth\u00e9tique le contenu des interventions. L&rsquo;obsolescence de la ville est trait\u00e9e au travers de trois axes de questionnement : les mod\u00e8les architecturaux et urbains, les pratiques professionnelles et les usages comme retour au commun.<\/p>\r\n\r\n\r\n\r\n<p><em>Une publication du s\u00e9minaire du domaine d\u2019\u00e9tudes de master AMTH de l&rsquo;Ecole nationale sup\u00e9rieure d\u2019architecture de Lyon Lyon, printemps 2019.\u00a0<br \/><\/em><em>D\u00e9p\u00f4t l\u00e9gal : juillet 2019 \/ isbn 9782490820030 <\/em><em>\u00a0&#8211; distribution num\u00e9rique<\/em><\/p>\r\n<p>Auteur,\u00a0 coordinateur, conception graphique : JUGEAU Corentin<\/p>\r\n<div class=\"page\" title=\"Page 2\">\r\n<div class=\"section\">\r\n<div class=\"layoutArea\">\r\n<div class=\"column\">\r\n<p>Contributeurs : BARRE Sophie , MORGAN DE RIVERY Corentin , ROBERT Corentin , SALOMON Soizic<br \/>Visuel couverture : ROGE Maxime<br \/>Enseignants du s\u00e9minaire : ARAB Noura , CASANELLES Joan , CATTANT Julie , D\u2019EMILIO Luna , GRAS Pierre , NOWAKOWSKI Fran\u00e7ois , PESSOA-FERREIRA Rovy<br \/>\u00c9tudiants : ABOULFARAH Mohamed ,\u00a0 AGRICI Maria , AUBERT Nicolas , BARATTE Marie-Wandrille , BARRE Sophie , BELBEZET Anne-Lise , BERGERON Aline , BERTHOU Agathe , BOREL Maxime , CHARLEZ-YVARS Morgane , CREUSY Cl\u00e9mence , DAEDEN Clarisse , DEBIZET Valentine , DECROIX Mayeul , DISSARD Julia , DUBOIS Estelle , EMIN Axel , FADDANI Basma , GOIFFON Clarisse , GREFFOZ Charles , JUGEAU Corentin , LANG Huong-Mai-Lan , LE GALLIC Morane , LELEU Daphn\u00e9 , MORGAN DE RIVERY Corentin , NAZE Marie , PALIE Prescillia , RIVIERE-LE TILLY Sol\u00e8ne , ROBERT Corentin , ROGE Maxime , SALOMON Soizic , SHI Haining , SIMON Paul , TARDIVET Cl\u00e9ment , TR\u00c9MOLI\u00c8RES Julie , VUILLERMET Julie<\/p>\r\n<\/div>\r\n<\/div>\r\n<\/div>\r\n<\/div>\r\n\r\n\r\n","protected":false},"excerpt":{"rendered":"<div class=\"page\" title=\"Page 250\">\n<div class=\"section\">\n<div class=\"layoutArea\">\n<div class=\"column\">\n<h4>Restitution de la journ\u00e9e d\u2019\u00e9tudes AMTH, mai 2019<\/h4>\n<p>Ce livret pr\u00e9sente et restitue la journ\u00e9e d&rsquo;\u00e9tude \u00ab\u00a0L&rsquo;obsolescence de la ville\u00a0\u00bb qui s&rsquo;est d\u00e9roul\u00e9e le 14 mai 2019 \u00e0 l&rsquo;Ecole Nationale Sup\u00e9rieure d&rsquo;Architecture de Lyon.\u00a0<\/p>\n<p><em>Une publication du s\u00e9minaire du domaine d\u2019\u00e9tudes de master AMTH de l&rsquo;Ecole nationale sup\u00e9rieure d\u2019architecture de Lyon Lyon, printemps 2019.\u00a0<br \/><\/em>Auteur,\u00a0 coordinateur, conception graphique : JUGEAU Corentin<br \/><em>D\u00e9p\u00f4t l\u00e9gal : juillet 2019 \/ isbn 9782490820030 <\/em><em>\u00a0&#8211; distribution num\u00e9rique<\/em><\/p>\n<\/div>\n<\/div>\n<\/div>\n<\/div>\n","protected":false},"featured_media":168,"template":"","meta":[],"product_brand":[],"product_cat":[32,46,18,39,50,44,35],"product_tag":[62,55,53],"class_list":{"0":"post-2115","1":"product","2":"type-product","3":"status-publish","4":"has-post-thumbnail","6":"product_cat-gratuit","7":"product_cat-pdf","8":"product_cat-pedagogique","9":"product_cat-seminaires","10":"product_cat-sur-le-site","11":"product_cat-telechargeable","12":"product_cat-travaux-pedagogiques","13":"product_tag-architecture","14":"product_tag-professions","15":"product_tag-urbanisme","16":"product_shipping_class-telechargement","18":"first","19":"instock","20":"downloadable","21":"virtual","22":"sold-individually","23":"purchasable","24":"product-type-simple"},"jetpack_sharing_enabled":true,"_links":{"self":[{"href":"https:\/\/architecturalpress.org\/index.php\/wp-json\/wp\/v2\/product\/2115","targetHints":{"allow":["GET"]}}],"collection":[{"href":"https:\/\/architecturalpress.org\/index.php\/wp-json\/wp\/v2\/product"}],"about":[{"href":"https:\/\/architecturalpress.org\/index.php\/wp-json\/wp\/v2\/types\/product"}],"wp:featuredmedia":[{"embeddable":true,"href":"https:\/\/architecturalpress.org\/index.php\/wp-json\/wp\/v2\/media\/168"}],"wp:attachment":[{"href":"https:\/\/architecturalpress.org\/index.php\/wp-json\/wp\/v2\/media?parent=2115"}],"wp:term":[{"taxonomy":"product_brand","embeddable":true,"href":"https:\/\/architecturalpress.org\/index.php\/wp-json\/wp\/v2\/product_brand?post=2115"},{"taxonomy":"product_cat","embeddable":true,"href":"https:\/\/architecturalpress.org\/index.php\/wp-json\/wp\/v2\/product_cat?post=2115"},{"taxonomy":"product_tag","embeddable":true,"href":"https:\/\/architecturalpress.org\/index.php\/wp-json\/wp\/v2\/product_tag?post=2115"}],"curies":[{"name":"wp","href":"https:\/\/api.w.org\/{rel}","templated":true}]}}