{"id":2617,"date":"2022-12-18T18:56:24","date_gmt":"2022-12-18T17:56:24","guid":{"rendered":"https:\/\/architecturalpress.org\/?post_type=product&#038;p=2617"},"modified":"2024-07-09T16:01:45","modified_gmt":"2024-07-09T14:01:45","slug":"utopies-en-situations-lideal-a-lepreuve-du-reel","status":"publish","type":"product","link":"https:\/\/architecturalpress.org\/index.php\/product\/utopies-en-situations-lideal-a-lepreuve-du-reel\/","title":{"rendered":"UTOPIES EN SITUATIONS, l&rsquo;id\u00e9al \u00e0 l&rsquo;\u00e9preuve du r\u00e9el"},"content":{"rendered":"\r\n\r\n\r\n<p>Cet ouvrage est issu des travaux du s\u00e9minaire de recherche des \u00e9tudiants de master 2 du domaine d\u2019\u00e9tudes de master <i>Paysages Habit\u00e9s : Architectures en Situation, <\/i>de l\u2019\u00e9cole nationale sup\u00e9rieure d\u2019architecture de Lyon ; ann\u00e9e universitaire 2021 &#8211; 2022<span class=\"Apple-converted-space\">\u00a0<\/span><\/p>\r\n<p>L\u2019utopie constitue un sujet r\u00e9current de r\u00e9flexion qui r\u00e9appara\u00eet d\u00e8s lors que l\u2019on traverse une p\u00e9riode de crise. L\u00e0 est peut-\u00eatre sa premi\u00e8re caract\u00e9ristique : l\u2019utopie est une r\u00e9ponse \u00e0 une r\u00e9alit\u00e9 que l\u2019on ne ma\u00eetrise plus ou que l&rsquo;on ne comprend plus. Aujourd\u2019hui, le contexte de crise est favorable \u00e0 la r\u00e9-\u00e9mergence d\u2019une r\u00e9flexion sur l\u2019utopie. Plusieurs postures peuvent alors \u00eatre prises.\u00a0<br \/>A travers ces actes nous, \u00e9tudiants du domaine d\u2019\u00e9tude de master Paysages Habit\u00e9s : Architectures en Situation (PHAS) de l\u2019Ecole Nationale Sup\u00e9rieure d&rsquo;Architecture de Lyon, avons explor\u00e9 diff\u00e9rents angles d&rsquo;approche de l\u2019utopie. Nous avons organis\u00e9 une journ\u00e9e d\u2019\u00e9tude le 19 mai 2022 et lui avons donn\u00e9 le titre Utopie en situation : l\u2019id\u00e9al \u00e0 l\u2019\u00e9preuve du r\u00e9el. L\u2019ambition de cette journ\u00e9e a ainsi \u00e9t\u00e9 de favoriser le croisement des diff\u00e9rents regards et disciplines, pour constituer une connaissance commune sur un sujet actuel, qui nous interroge en tant que futur\u00b7e\u00b7s professionnel\u00b7le\u00b7s. Au-del\u00e0 des questionnements soci\u00e9taux li\u00e9s \u00e0 un monde en mutation, c\u2019est bien le r\u00f4le et la position que l\u2019architecte peut et\/ou doit prendre qui est remis en jeu.<br \/>Cet ouvrage pr\u00e9sente une trace de l&rsquo;intervention des invit\u00e9s de la journ\u00e9e ainsi que des articles r\u00e9dig\u00e9s par une partie des \u00e9tudiants et r\u00e9partis selon 3 axes d\u2019\u00e9tude : comment penser l\u2018utopie ? Comment construire gr\u00e2ce \u00e0 l\u2019utopie ? Comment vivre apr\u00e8s l\u2019utopie ? Ces 3 grandes questions, sources de d\u00e9bats et de r\u00e9flexions, ont nourri ces articles qui donnent une vision plurielle sur les utopies d\u2019aujourd\u2019hui.<\/p>\r\n<p><i>coordination de l\u2019ouvrage :\u00a0<\/i>PESSOA Rovy, BEGEL Antoine et CATTANT Julie<\/p>\r\n<p><i>auteurs :\u00a0<\/i>BARRIQUAND Jeanne, GERRIN K\u00e9vin, GINDRO Carla, GIRAUDON Marine, GROSCLAUDE Eva, HOUDOUIN Lucie, LEBLANC Justine, LEROY Chlo\u00e9, LEVEILLE Adrien, MARCHAL Titouan, MONNIER Malaury, NODOT Eug\u00e9nie, PERRIN Lilian, SACHE Zo\u00e9, TROCELLO Ema, VINCENT Charlotte, et , BARGIS Jules, BIAD Anis, DECHAMPS Lucas, DURANG- GLOUCHKOFF Pierrick, FARAGO Eloise, MAURY Claire, PERLOT Elsa, ZOUGGARI Mariem (\u00e9tudiants) et\u00a0avec l&rsquo;aimable participation de : HWANG Tien, MAYOUD Laure, VIRICEL Sarah et YOUNES Chris<\/p>\r\n<p><i>conception graphique :\u00a0<\/i>BARGIS Jules, BARRIQUAND Jeanne, DECHAMPS Lucas, DURANG-GLOUCHKOFF Pierrick, GERRIN K\u00e9vin, GROSCLAUDE Eva, LEBLANC Justine, LEVEILLE Adrien, MONNIER Malaury, SACHE Zo\u00e9, VINCENT Charlotte, ZOUGGARI Mariem<\/p>\r\n<p>\u00e9quipe p\u00e9dagogique du studio-s\u00e9minaire de master 2 : APPERT Manuel, BEGEL Antoine, BIGARNET Marc, BOYADJIAN Christophe, CATTANT Julie, CHILINGARIAN Nune, FORT-JACQUES Th\u00e9o, MAYOUD Laurent, OLIVARES Yan, PESSOA Rovy<\/p>\r\n<p><i>D\u00e9p\u00f4t l\u00e9gal : juin 2022<br \/>ISBN : 978-2-49082-019-1\u00a0<\/i><\/p>\r\n\r\n\r\n","protected":false},"excerpt":{"rendered":"<div class=\"page\" title=\"Page 250\">\n<div class=\"section\">\n<div class=\"layoutArea\">\n<div class=\"column\">\n<p>L\u2019utopie constitue un sujet r\u00e9current de r\u00e9flexion qui r\u00e9appara\u00eet d\u00e8s lors que l\u2019on traverse une p\u00e9riode de crise. L\u00e0 est peut-\u00eatre sa premi\u00e8re caract\u00e9ristique : l\u2019utopie est une r\u00e9ponse \u00e0 une r\u00e9alit\u00e9 que l\u2019on ne ma\u00eetrise plus ou que l&rsquo;on ne comprend plus. Aujourd\u2019hui, le contexte de crise est favorable \u00e0 la r\u00e9-\u00e9mergence d\u2019une r\u00e9flexion sur l\u2019utopie. Plusieurs postures peuvent alors \u00eatre prises.\u00a0<br \/>A travers ces actes nous, \u00e9tudiants du domaine d\u2019\u00e9tude de master Paysages Habit\u00e9s : Architectures en Situation (PHAS) de l\u2019Ecole Nationale Sup\u00e9rieure d&rsquo;Architecture de Lyon, avons explor\u00e9 diff\u00e9rents angles d&rsquo;approche de l\u2019utopie. Nous avons organis\u00e9 une journ\u00e9e d\u2019\u00e9tude le 19 mai 2022 et lui avons donn\u00e9 le titre Utopie en situation : l\u2019id\u00e9al \u00e0 l\u2019\u00e9preuve du r\u00e9el. L\u2019ambition de cette journ\u00e9e a ainsi \u00e9t\u00e9 de favoriser le croisement des diff\u00e9rents regards et disciplines, pour constituer une connaissance commune sur un sujet actuel, qui nous interroge en tant que futur\u00b7e\u00b7s professionnel\u00b7le\u00b7s. Au-del\u00e0 des questionnements soci\u00e9taux li\u00e9s \u00e0 un monde en mutation, c\u2019est bien le r\u00f4le et la position que l\u2019architecte peut et\/ou doit prendre qui est remis en jeu.<\/p>\n<\/div>\n<\/div>\n<\/div>\n<\/div>\n","protected":false},"featured_media":2613,"template":"","meta":[],"product_brand":[],"product_cat":[32,46,18,50,44,35],"product_tag":[62,63,55,53],"class_list":{"0":"post-2617","1":"product","2":"type-product","3":"status-publish","4":"has-post-thumbnail","6":"product_cat-gratuit","7":"product_cat-pdf","8":"product_cat-pedagogique","9":"product_cat-sur-le-site","10":"product_cat-telechargeable","11":"product_cat-travaux-pedagogiques","12":"product_tag-architecture","13":"product_tag-debat","14":"product_tag-professions","15":"product_tag-urbanisme","16":"product_shipping_class-telechargement","18":"first","19":"instock","20":"downloadable","21":"virtual","22":"purchasable","23":"product-type-simple"},"jetpack_sharing_enabled":true,"_links":{"self":[{"href":"https:\/\/architecturalpress.org\/index.php\/wp-json\/wp\/v2\/product\/2617","targetHints":{"allow":["GET"]}}],"collection":[{"href":"https:\/\/architecturalpress.org\/index.php\/wp-json\/wp\/v2\/product"}],"about":[{"href":"https:\/\/architecturalpress.org\/index.php\/wp-json\/wp\/v2\/types\/product"}],"wp:featuredmedia":[{"embeddable":true,"href":"https:\/\/architecturalpress.org\/index.php\/wp-json\/wp\/v2\/media\/2613"}],"wp:attachment":[{"href":"https:\/\/architecturalpress.org\/index.php\/wp-json\/wp\/v2\/media?parent=2617"}],"wp:term":[{"taxonomy":"product_brand","embeddable":true,"href":"https:\/\/architecturalpress.org\/index.php\/wp-json\/wp\/v2\/product_brand?post=2617"},{"taxonomy":"product_cat","embeddable":true,"href":"https:\/\/architecturalpress.org\/index.php\/wp-json\/wp\/v2\/product_cat?post=2617"},{"taxonomy":"product_tag","embeddable":true,"href":"https:\/\/architecturalpress.org\/index.php\/wp-json\/wp\/v2\/product_tag?post=2617"}],"curies":[{"name":"wp","href":"https:\/\/api.w.org\/{rel}","templated":true}]}}