{"id":2740,"date":"2023-03-15T22:28:53","date_gmt":"2023-03-15T21:28:53","guid":{"rendered":"https:\/\/architecturalpress.org\/?post_type=product&#038;p=2740"},"modified":"2024-09-26T10:19:19","modified_gmt":"2024-09-26T08:19:19","slug":"emancipation-architecturale-en-territoire-kalaallit","status":"publish","type":"product","link":"https:\/\/architecturalpress.org\/index.php\/product\/emancipation-architecturale-en-territoire-kalaallit\/","title":{"rendered":"\u00c9mancipation architecturale en territoire kalaallit"},"content":{"rendered":"\r\n\r\n\r\n<p>\u00c9mancipation architecturale en territoire <em>kalaallit<\/em><br \/><em>D\u2019une architecture d\u2019oppression \u00e0 une architecture d\u2019ind\u00e9pendance au Gr\u0153nland de l\u2019ouest<\/em><\/p>\r\n<p>auteur : Axel Felizat<br \/>pr\u00e9face de Lisa Rolland, directrice d&rsquo;\u00e9tudes pour ce travail.<\/p>\r\n<p>Ce m\u00e9moire d\u2019initiation \u00e0 la recherche scientifique est le premier ouvrage \u00e9dit\u00e9 d\u2019un projet d\u2019une s\u00e9rie de publication de m\u00e9moires illustrant les travaux r\u00e9alis\u00e9s par les \u00e9tudiants de deuxi\u00e8me ann\u00e9e de master de l\u2019\u00e9cole nationale sup\u00e9rieure d\u2019architecture de Lyon.\u2028Son auteur, Axel Felizat, \u00e9tait alors \u00e9tudiant dans le domaine d\u2019\u00e9tudes en master Architecture et transitions \u00e9co-constructives.<\/p>\r\n<p>Le paysage de l\u2019Arctique est celui des banquises estivales et hivernales. C\u2019est un espace mouvant, entre terre et mer, un espace de p\u00e9riph\u00e9ricit\u00e9 g\u00e9ographique apparente, et pourtant un territoire central. Ces vingt derni\u00e8res ann\u00e9es, la r\u00e9duction de la surface de la banquise entra\u00eene une accessibilit\u00e9 croissante. La prospection et la d\u00e9couverte de nouvelles ressources (gisements de p\u00e9trole, gaz, hydrocarbures, extraction mini\u00e8re d\u2019uranium et de diamant) en lien avec les progr\u00e8s technologiques (exploitation offshore en eaux profondes et glaciales), sous-tendent de forts conflits territoriaux : remise en cause des fronti\u00e8res maritimes, enjeux de souverainet\u00e9 entre le Gr\u0153nland (Danemark), le Canada, les Etats-Unis, la Russie. <br \/>Axel Felizat s\u2019int\u00e9resse aussi bien \u00e0 cet espace qu\u2019aux minorit\u00e9s arctiques qui le peuplent. Il va en apprendre la langue et des \u00e9l\u00e9ments de langage : \u00ab par justesse, pour \u00eatre pr\u00e9cis dans ces lignes, j\u2019ai choisi quand cela \u00e9tait possible d\u2019avoir recourt aux termes et \u00e0 la toponymie en Kalaallisut [sic : Inuit en fran\u00e7ais] \u00bb (p. 4). Un v\u00e9ritable temp\u00e9rament de chercheur s\u2019est construit avec une curiosit\u00e9 en \u00e9veil, un go\u00fbt de l\u2019interrogation th\u00e9orique ou encore plus m\u00e9thodologique notamment sur la posture du \u00ab sachant \u00bb ou celle du \u00ab terrain \u00bb. <br \/>Notre apprenti chercheur a voulu que ce m\u00e9moire soit le lieu et le temps d\u2019une immersion longue. Appuy\u00e9e d\u2019un stage de six mois en planification et suivi de chantier, sa d\u00e9marche de recherche est celle d\u2019une exp\u00e9rience situ\u00e9e, dans le Gr\u0153nland de l\u2019Ouest, \u00e0 Nuuk et Aasiaat.<\/p>\r\n<p>Graphisme : Tony Sim\u00f5es Relvas<br \/>publication financ\u00e9e gr\u00e2ce au soutien financier de\u00a0 l&rsquo;ENSAL<\/p>\r\n<p><i>D\u00e9p\u00f4t l\u00e9gal : <\/i>d\u00e9cembre 2022<br \/><i>ISBN :\u00a0<\/i>9782490820221<\/p>\r\n\r\n\r\n","protected":false},"excerpt":{"rendered":"<div class=\"page\" title=\"Page 250\">\n<div class=\"section\">\n<div class=\"layoutArea\">\n<div class=\"column\">Ce m\u00e9moire d\u2019initiation \u00e0 la recherche scientifique est le premier ouvrage \u00e9dit\u00e9 d\u2019un projet d\u2019une s\u00e9rie de publication de m\u00e9moires illustrant les travaux r\u00e9alis\u00e9s par les \u00e9tudiants de deuxi\u00e8me ann\u00e9e de master de l\u2019\u00e9cole nationale sup\u00e9rieure d\u2019architecture de Lyon.\u2028Son auteur, Axel Felizat, \u00e9tait alors \u00e9tudiant dans le domaine d\u2019\u00e9tudes en master Architecture et transitions \u00e9co-constructives.<\/div>\n<\/div>\n<\/div>\n<\/div>\n","protected":false},"featured_media":2741,"template":"","meta":[],"product_brand":[],"product_cat":[32,40,46,18,34,50,44,35],"product_tag":[62,63,55,53],"class_list":{"0":"post-2740","1":"product","2":"type-product","3":"status-publish","4":"has-post-thumbnail","6":"product_cat-gratuit","7":"product_cat-memoires-de-recherche","8":"product_cat-pdf","9":"product_cat-pedagogique","10":"product_cat-recherche","11":"product_cat-sur-le-site","12":"product_cat-telechargeable","13":"product_cat-travaux-pedagogiques","14":"product_tag-architecture","15":"product_tag-debat","16":"product_tag-professions","17":"product_tag-urbanisme","18":"product_shipping_class-telechargement","20":"first","21":"instock","22":"downloadable","23":"virtual","24":"purchasable","25":"product-type-simple"},"jetpack_sharing_enabled":true,"_links":{"self":[{"href":"https:\/\/architecturalpress.org\/index.php\/wp-json\/wp\/v2\/product\/2740","targetHints":{"allow":["GET"]}}],"collection":[{"href":"https:\/\/architecturalpress.org\/index.php\/wp-json\/wp\/v2\/product"}],"about":[{"href":"https:\/\/architecturalpress.org\/index.php\/wp-json\/wp\/v2\/types\/product"}],"wp:featuredmedia":[{"embeddable":true,"href":"https:\/\/architecturalpress.org\/index.php\/wp-json\/wp\/v2\/media\/2741"}],"wp:attachment":[{"href":"https:\/\/architecturalpress.org\/index.php\/wp-json\/wp\/v2\/media?parent=2740"}],"wp:term":[{"taxonomy":"product_brand","embeddable":true,"href":"https:\/\/architecturalpress.org\/index.php\/wp-json\/wp\/v2\/product_brand?post=2740"},{"taxonomy":"product_cat","embeddable":true,"href":"https:\/\/architecturalpress.org\/index.php\/wp-json\/wp\/v2\/product_cat?post=2740"},{"taxonomy":"product_tag","embeddable":true,"href":"https:\/\/architecturalpress.org\/index.php\/wp-json\/wp\/v2\/product_tag?post=2740"}],"curies":[{"name":"wp","href":"https:\/\/api.w.org\/{rel}","templated":true}]}}