{"id":2806,"date":"2023-08-10T09:00:13","date_gmt":"2023-08-10T07:00:13","guid":{"rendered":"https:\/\/architecturalpress.org\/?post_type=product&#038;p=2806"},"modified":"2025-12-01T10:47:17","modified_gmt":"2025-12-01T09:47:17","slug":"contribuer-a-la-transition-de-lac-megantic","status":"publish","type":"product","link":"https:\/\/architecturalpress.org\/index.php\/product\/contribuer-a-la-transition-de-lac-megantic\/","title":{"rendered":"CONTRIBUER \u00c0 LA TRANSITION DE LAC-M\u00c9GANTIC"},"content":{"rendered":"<div class=\"page\" title=\"Page 63\">\n<div class=\"section\">\n<div class=\"layoutArea\">\n<div class=\"column\">\n<h2>CONTRIBUER A\u0300 LA TRANSITION DE LAC-ME\u0301GANTIC<\/h2>\n<div class=\"page\" title=\"Page 63\">\n<div class=\"section\">\n<div class=\"layoutArea\">\n<h4 class=\"column\">\u00ab le risque d\u2019habiter \u00bb au Que\u0301bec, 24 projets de fin d&rsquo;\u00e9tudes du studio \u00ab\u00a0le risque d&rsquo;habiter\u00a0\u00bb, 2018-2023.<\/h4>\n<div class=\"column\">\n<div class=\"page\" title=\"Page 1\">\n<div class=\"page\" title=\"Page 63\">\n<div class=\"section\">\n<div class=\"layoutArea\">\n<div class=\"column\">\n\n24 projets de fin d\u2019e\u0301tudes d\u2019e\u0301tudiants du studio \u00ab Le risque d&rsquo;habiter \u00bb de l&rsquo;e\u0301cole nationale supe\u0301rieure d&rsquo;architecture de Lyon (ENSAL) qui rele\u0300vent le de\u0301fi de concevoir des architectures a\u0300 Lac-Me\u0301gantic, une petite ville du Que\u0301bec marque\u0301e par une trage\u0301die ferroviaire en 2013.\n\nEntre 2018 et 2023, chaque promotion d\u2019e\u0301tudiants a arpente\u0301 le territoire et rencontre\u0301 des acteurs et habitants. Cet ouvrage pre\u0301sente les projets finaux accompagne\u0301s de quelques images de projet et d\u2019un texte explicatif.\n\nAlors que la reconstruction du centre-ville occupe les esprits et les moyens de la communaute\u0301, les e\u0301tudiants se sont attarde\u0301s sur les marges du territoire municipal, ou\u0300 ils ont trouve\u0301 des opportunite\u0301s de prendre le risque de faire projet pour une transition e\u0301cologique encore plus pousse\u0301e. En repensant le ro\u0302le de l&rsquo;architecture dans le rapport au sol, a\u0300 l&rsquo;eau et aux ressources locales, ils de\u0301veloppent un imaginaire qui reconfigure les relations avec le milieu. Les the\u0300mes aborde\u0301s vont des proble\u0301matiques e\u0301cologiques a\u0300 la revalorisation des mate\u0301riaux locaux, en passant par les enjeux du logement et le renforcement des identite\u0301s de quartier. Chaque projet, expose\u0301 au Centre sportif Me\u0301gantic en aou\u0302t 2023, offre une vision nouvelle de l&rsquo;urbanite\u0301 de Lac-Me\u0301gantic.\n\nCet ouvrage rassemble des projets conc\u0327us dans la temporalite\u0301 post- catastrophe singulie\u0300re de Lac-Me\u0301gantic. Autant de possibles sources d\u2019inspiration pour les futurs projets de cette ville si accueillante et de\u0301sireuse d\u2019aller de l\u2019avant.\n\n<\/div>\n<\/div>\n<em>Pour le domaine d\u2019\u00e9tudes de master \u00ab\u00a0Architecture, ressources et r\u00e9silience\u00a0\u00bb de l\u2019Ecole nationale sup\u00e9rieure d\u2019architecture de Lyon &#8211; ENSAL<\/em>\n\n<\/div>\n<\/div>\n<\/div>\n<\/div>\n<\/div>\n<\/div>\n<\/div>\n<\/div>\n<\/div>\n<\/div>\n<\/div>\n\n<em>Sous la coordination de Boris Roueff\nConception graphique : <\/em>Tony Simo\u0303es Relvas\n\n<em>Les textes et illustrations n\u2019engagent que leurs auteurs respectifs.\nD\u00e9p\u00f4t l\u00e9gal : ao\u00fbt 2023 \/ ISBN :<\/em>978-2-490820-24-5 \/ <em>distribution num\u00e9rique<\/em>\n\n<em>\n<\/em><em>Auteurs des textes : Boris Roueff, Lisa Rolland et Yona J\u00e9brak<\/em>\n<em>Projets de :<\/em>\n2018-19 Damien Barthou, Thomas Blas, Pauline Chollier, Pierre Combe, Marie Maindiaux, Julie Tre\u0301molie\u0300res\n2019-20 : Alisone Chanet, Camille Darche-Farbos, Paul Dhainaut, Thomas Guyon, Morgane Schunder, Yara Yazji\n2021-22 : Joe\u0308l Belmonte, Constance Collot, Salome\u0301 Desbiolles, Lou Durand, Charle\u0300ne Milliquet, Lou Ricome, Maya Vanden Borre\n2022-23 : Arthur Durieux, Je\u0301re\u0301my Gazagne, Licia Marin-Pache, Juliette Pelletier, Emma Pulou\n\n<!-- \/wp:post-content -->","protected":false},"excerpt":{"rendered":"<p><!-- wp:paragraph --><\/p>\n<h4>\u00ab le risque d\u2019habiter \u00bb au Que\u0301bec, 24 projets de fin d&rsquo;\u00e9tudes du studio \u00ab\u00a0le risque d&rsquo;habiter\u00a0\u00bb, 2018-2023.<\/h4>\n<div class=\"page\" title=\"Page 1\">\n<div class=\"page\" title=\"Page 63\">\n<div class=\"section\">\n<div class=\"layoutArea\">\n<div class=\"column\">\n<p>24 projets de fin d\u2019e\u0301tudes d\u2019e\u0301tudiants du studio \u00ab Le risque d&rsquo;habiter \u00bb de l&rsquo;e\u0301cole nationale supe\u0301rieure d&rsquo;architecture de Lyon (ENSAL) qui rele\u0300vent le de\u0301fi de concevoir des architectures a\u0300 Lac-Me\u0301gantic, une petite ville du Que\u0301bec marque\u0301e par une trage\u0301die ferroviaire en 2013.<\/p>\n<\/div>\n<\/div>\n<\/div>\n<\/div>\n<\/div>\n<p><!-- \/wp:paragraph --><\/p>\n<p><!-- wp:paragraph --><\/p>\n<p><em>Sous la coordination de Boris Roueff<br \/>\nConception graphique et r\u00e9alisation : Tony Simo\u0303es Relvas<br \/>\nD\u00e9p\u00f4t l\u00e9gal : ao\u00fbt 2023<br \/>\n<\/em><em>ISBN : 9782490820108<br \/>\ndistribution num\u00e9rique<\/em><\/p>\n<p><!-- \/wp:paragraph --><\/p>\n","protected":false},"featured_media":2807,"template":"","meta":[],"product_brand":[],"product_cat":[32,46,18,50,44,35],"product_tag":[27,28],"class_list":{"0":"post-2806","1":"product","2":"type-product","3":"status-publish","4":"has-post-thumbnail","6":"product_cat-gratuit","7":"product_cat-pdf","8":"product_cat-pedagogique","9":"product_cat-sur-le-site","10":"product_cat-telechargeable","11":"product_cat-travaux-pedagogiques","12":"product_tag-projet-darchitecture","13":"product_tag-pfe","14":"product_shipping_class-telechargement","16":"first","17":"instock","18":"downloadable","19":"virtual","20":"purchasable","21":"product-type-simple"},"jetpack_sharing_enabled":true,"_links":{"self":[{"href":"https:\/\/architecturalpress.org\/index.php\/wp-json\/wp\/v2\/product\/2806","targetHints":{"allow":["GET"]}}],"collection":[{"href":"https:\/\/architecturalpress.org\/index.php\/wp-json\/wp\/v2\/product"}],"about":[{"href":"https:\/\/architecturalpress.org\/index.php\/wp-json\/wp\/v2\/types\/product"}],"wp:featuredmedia":[{"embeddable":true,"href":"https:\/\/architecturalpress.org\/index.php\/wp-json\/wp\/v2\/media\/2807"}],"wp:attachment":[{"href":"https:\/\/architecturalpress.org\/index.php\/wp-json\/wp\/v2\/media?parent=2806"}],"wp:term":[{"taxonomy":"product_brand","embeddable":true,"href":"https:\/\/architecturalpress.org\/index.php\/wp-json\/wp\/v2\/product_brand?post=2806"},{"taxonomy":"product_cat","embeddable":true,"href":"https:\/\/architecturalpress.org\/index.php\/wp-json\/wp\/v2\/product_cat?post=2806"},{"taxonomy":"product_tag","embeddable":true,"href":"https:\/\/architecturalpress.org\/index.php\/wp-json\/wp\/v2\/product_tag?post=2806"}],"curies":[{"name":"wp","href":"https:\/\/api.w.org\/{rel}","templated":true}]}}