{"id":3127,"date":"2024-10-22T17:44:34","date_gmt":"2024-10-22T15:44:34","guid":{"rendered":"https:\/\/architecturalpress.org\/?post_type=product&#038;p=3127"},"modified":"2025-12-01T10:46:32","modified_gmt":"2025-12-01T09:46:32","slug":"par-dessous-les-traits","status":"publish","type":"product","link":"https:\/\/architecturalpress.org\/index.php\/product\/par-dessous-les-traits\/","title":{"rendered":"Par-del\u00e0, par dessous les traits, architecture des sols habit\u00e9s"},"content":{"rendered":"\r\n\r\n\r\n<p>Ce livret met en lumi\u00e8re, gr\u00e2ce \u00e0 des articles et des posters produits par les \u00e9tudiants, la complexit\u00e9 des sols \u00e0 travers diverses th\u00e9matiques. Ces derniers explorent les usages, les limites qui engendrent des tensions de partage des sols, la complexit\u00e9 de la repr\u00e9sentation graphique ou encore la composition des sols. Ils permettent ainsi une approche pluridisciplinaire pour interroger notre relation avec les sols et d\u00e9couvrir de nouvelles perspectives.<\/p>\r\n<p>L\u2019humanit\u00e9 prend conscience de l\u2019importance du sol, le consid\u00e9rant bien au-del\u00e0 d\u2019un simple support pour la construction d\u2019\u00e9difices ou la production agricole. Le sol est le grand t\u00e9moin vivant de l\u2019\u00e9volution humaine et de ses interventions. Cette reconnaissance \u00e9merge de la n\u00e9cessit\u00e9 de comprendre et de repr\u00e9senter les sols, non seulement pour leur utilit\u00e9 pratique, mais aussi en tant qu\u2019\u00e9l\u00e9ments fondamentaux li\u00e9s \u00e0 notre environnement.<\/p>\r\n<p>Cette volont\u00e9 de compr\u00e9hension et de repr\u00e9sentation des sols d\u00e9coule d\u2019un besoin de r\u00e9\u00e9valuer notre relation avec eux, en particulier dans un contexte de d\u00e9gradations environnementales. Il s\u2019agit de pr\u00e9server les sols en tant qu\u2019entit\u00e9s complexes et vitales tout en soulignant l\u2019importance d\u2019interagir convenablement avec eux et de mettre en place des mesures afin de rendre nos pratiques p\u00e9rennes et responsables.<\/p>\r\n<p><i>coordination de l\u2019ouvrage : <\/i>CATTANT Julie<i> , <\/i>PESSOA FERREIRA Rovy et FORT-JACQUES Th\u00e9o<\/p>\r\n<p>auteurs :\u00a0ACHI Maghali, AKYOL Arife, AL DIAD Sabine, AMBARD Gr\u00e9gory, BOUVARD VIGNAUD Ya\u00eblle, CHAN Sarah, DERMINON L\u00e9a, DICKSON Irion, FOURNIER Alice, GIRARD Manon, LEGUIZAMON JuanGalo, LONGEON Arthur, LOUPIA Mathilde, PERUTIN Lou-Anna, ETIT Lucie, ROLOF Chlo\u00e9, ROZE Cyrielle, TAGHZOUTI Adam, WERKMEISTER Charlotte, ZAREI\u00a0Diba.<\/p>\r\n<p>avec la participation de :\u00a0BARBIER Thibault, MALZAC Gilles, ROLLAND Lisa et STREMSDOERFER\u00a0Alexis.<\/p>\r\n<p><i>D\u00e9p\u00f4t l\u00e9gal :\u00a0<\/i>octobre 2024<\/p>\r\n<p><i>ISBN :\u00a0<\/i>9782490820313<\/p>\r\n<p>&nbsp;<\/p>\r\n\r\n\r\n","protected":false},"excerpt":{"rendered":"<div class=\"page\" title=\"Page 250\">\n<div class=\"section\">\n<div class=\"layoutArea\">\n<div class=\"column\">\n<p>Dans le cadre de leur ann\u00e9e de master 2, les \u00e9tudiants du s\u00e9minaire PHAS (Paysages habit\u00e9s : architectures en situation) 2023-2024 de l\u2019\u00c9cole Nationale Sup\u00e9rieure d\u2019Architecture de Lyon ont questionn\u00e9 la complexit\u00e9 des sols \u00e0 travers diverses th\u00e9matiques. Ce livret pr\u00e9sente leurs recherches et r\u00e9flexions sur les usages, les tensions li\u00e9es au partage des sols, ainsi que les enjeux de repr\u00e9sentation graphique et de composition des sols. En adoptant une approche pluridisciplinaire, ils interrogent notre relation aux sols, essentiels pour l\u2019avenir de l\u2019humanit\u00e9 et notre environnement, soulignant la n\u00e9cessit\u00e9 de pratiques p\u00e9rennes et responsables.<\/p>\n<\/div>\n<\/div>\n<\/div>\n<\/div>\n","protected":false},"featured_media":3123,"template":"","meta":[],"product_brand":[],"product_cat":[32,46,18,34,39,50,44,35],"product_tag":[62,63,55,67,53],"class_list":{"0":"post-3127","1":"product","2":"type-product","3":"status-publish","4":"has-post-thumbnail","6":"product_cat-gratuit","7":"product_cat-pdf","8":"product_cat-pedagogique","9":"product_cat-recherche","10":"product_cat-seminaires","11":"product_cat-sur-le-site","12":"product_cat-telechargeable","13":"product_cat-travaux-pedagogiques","14":"product_tag-architecture","15":"product_tag-debat","16":"product_tag-professions","17":"product_tag-recherche","18":"product_tag-urbanisme","19":"product_shipping_class-telechargement","21":"first","22":"instock","23":"downloadable","24":"virtual","25":"sold-individually","26":"purchasable","27":"product-type-simple"},"jetpack_sharing_enabled":true,"_links":{"self":[{"href":"https:\/\/architecturalpress.org\/index.php\/wp-json\/wp\/v2\/product\/3127","targetHints":{"allow":["GET"]}}],"collection":[{"href":"https:\/\/architecturalpress.org\/index.php\/wp-json\/wp\/v2\/product"}],"about":[{"href":"https:\/\/architecturalpress.org\/index.php\/wp-json\/wp\/v2\/types\/product"}],"wp:featuredmedia":[{"embeddable":true,"href":"https:\/\/architecturalpress.org\/index.php\/wp-json\/wp\/v2\/media\/3123"}],"wp:attachment":[{"href":"https:\/\/architecturalpress.org\/index.php\/wp-json\/wp\/v2\/media?parent=3127"}],"wp:term":[{"taxonomy":"product_brand","embeddable":true,"href":"https:\/\/architecturalpress.org\/index.php\/wp-json\/wp\/v2\/product_brand?post=3127"},{"taxonomy":"product_cat","embeddable":true,"href":"https:\/\/architecturalpress.org\/index.php\/wp-json\/wp\/v2\/product_cat?post=3127"},{"taxonomy":"product_tag","embeddable":true,"href":"https:\/\/architecturalpress.org\/index.php\/wp-json\/wp\/v2\/product_tag?post=3127"}],"curies":[{"name":"wp","href":"https:\/\/api.w.org\/{rel}","templated":true}]}}