{"id":3373,"date":"2025-06-11T09:39:01","date_gmt":"2025-06-11T07:39:01","guid":{"rendered":"https:\/\/architecturalpress.org\/?post_type=product&#038;p=3373"},"modified":"2025-12-01T11:08:55","modified_gmt":"2025-12-01T10:08:55","slug":"manifeste-ecologie-et-architecture","status":"publish","type":"product","link":"https:\/\/architecturalpress.org\/index.php\/product\/manifeste-ecologie-et-architecture\/","title":{"rendered":"Manifeste, \u00e9cologie et architecture"},"content":{"rendered":"\r\n\r\n\r\n<p>Manifeste, \u00e9cologie et architecture<br \/><i>Etude de l\u2019impact\u00a0<\/i><i>du r\u00e9cit \u00e9cologique sur\u00a0<\/i><i>les manifestes d\u2019architectes<\/i><\/p>\r\n<p>auteur : F\u00e9lix Levilly-Brancart<br \/>m\u00e9moire d&rsquo;initiation \u00e0 la recherche sous la direction de Denyse Rodriguez Tom\u00e9<br \/>pr\u00e9face de Denyse Rodriguez Tom\u00e9, directrice d&rsquo;\u00e9tude au sein du domaine d&rsquo;\u00e9tudes A2Res (Architecture, Ressources et R\u00e9silience)<\/p>\r\n<p class=\"p1\"><span class=\"s1\">Manifeste : \u00e9cologie et architecture<\/span> est un essai critique r\u00e9dig\u00e9 par <span class=\"s1\">F\u00e9lix Levilly Brancart<\/span> dans le cadre de son m\u00e9moire d\u2019initiation \u00e0 la recherche au sein du domaine d\u2019\u00e9tudes <i>Architecture, Ressources et R\u00e9silience<\/i> de l\u2019\u00c9cole nationale sup\u00e9rieure d\u2019architecture de Lyon, sous la direction de <span class=\"s1\">Denyse Rodriguez Tom\u00e9 qui pr\u00e9face aussi l&rsquo;ouvrage.<\/span><\/p>\r\n<p class=\"p1\">Ce manifeste prend pour point de d\u00e9part l\u2019ambigu\u00eft\u00e9 du mot \u00ab\u202f\u00e9cologie\u202f\u00bb dans le champ architectural contemporain. Que recouvre ce terme lorsqu\u2019il est mobilis\u00e9 comme norme, label ou objectif de projet ? En refusant d\u2019en proposer une d\u00e9finition stabilis\u00e9e, l\u2019auteur revendique une prise de position : <i>manifester<\/i>, c\u2019est assumer un engagement politique, \u00e9thique et po\u00e9tique dans la fabrique de l\u2019espace.<\/p>\r\n<p class=\"p1\">F\u00e9lix Levilly Brancart mobilise une diversit\u00e9 de r\u00e9f\u00e9rences th\u00e9oriques et militantes \u2014 de Richard Rogers,\u00a0Jean-Paul\u00a0Loubes \u00e0 Mathias Rollot et TVK\u00a0 \u2014 pour articuler une critique des institutions, des r\u00e9cits dominants et des pratiques professionnelles trop souvent d\u00e9politis\u00e9es. Il explore les pratiques situ\u00e9es, les exp\u00e9rimentations collectives, les luttes territoriales, et interroge ce qu\u2019une architecture r\u00e9ellement \u00e9cologique pourrait \u00eatre, dans et par la conflictualit\u00e9.<\/p>\r\n<p class=\"p1\">Ce m\u00e9moire est un appel \u00e0 d\u00e9passer l\u2019\u00e9cologie comme suppl\u00e9ment technique ou discours apaisant, pour en faire un terrain de confrontation, de construction collective et de r\u00e9invention du projet. Il constitue une contribution pr\u00e9cieuse aux r\u00e9flexions contemporaines sur la place du politique dans la production architecturale.<\/p>\r\n<p class=\"p1\">Troisi\u00e8me volume d\u2019une collection \u00e9dit\u00e9e par les Presses Architecturales de Lyon, il t\u00e9moigne de la richesse critique des travaux \u00e9tudiants lorsqu\u2019ils prennent au s\u00e9rieux les enjeux du monde \u00e0 venir.<\/p>\r\n<p>Graphisme : Tony Sim\u00f5es Relvas<br \/>publication financ\u00e9e gr\u00e2ce au soutien financier de\u00a0 l&rsquo;ENSAL<\/p>\r\n<p><i>D\u00e9p\u00f4t l\u00e9gal : <\/i>juin 2025<br \/><i>ISBN : 9782490820351<\/i><\/p>\r\n\r\n\r\n","protected":false},"excerpt":{"rendered":"<div class=\"page\" title=\"Page 250\">\n<div class=\"section\">\n<div class=\"layoutArea\">\n<div class=\"column\">\n<p class=\"p1\">Ce m\u00e9moire est le troisi\u00e8me ouvrage publi\u00e9 dans une collection consacr\u00e9e aux travaux de recherche des \u00e9tudiants de deuxi\u00e8me ann\u00e9e de master \u00e0 l\u2019\u00c9cole nationale sup\u00e9rieure d\u2019architecture de Lyon.<\/p>\n<p class=\"p1\">Dans ce travail critique, F\u00e9lix Levilly Brancart interroge la mani\u00e8re dont le mot \u00ab\u202f\u00e9cologie\u202f\u00bb est mobilis\u00e9 en architecture \u2014 entre ambigu\u00eft\u00e9, injonctions techniques et rh\u00e9toriques moralisantes. En prenant r\u00e9solument position, l\u2019auteur explore les marges du projet, les pratiques alternatives et les luttes territoriales pour dessiner une \u00e9cologie de la r\u00e9sistance. L\u2019architecture y devient un acte politique, situ\u00e9, collectif et potentiellement transformateur.<\/p>\n<\/div>\n<\/div>\n<\/div>\n<\/div>\n","protected":false},"featured_media":3592,"template":"","meta":[],"product_brand":[],"product_cat":[32,40,46,18,34,50,44,35],"product_tag":[62,63,55,67],"class_list":{"0":"post-3373","1":"product","2":"type-product","3":"status-publish","4":"has-post-thumbnail","6":"product_cat-gratuit","7":"product_cat-memoires-de-recherche","8":"product_cat-pdf","9":"product_cat-pedagogique","10":"product_cat-recherche","11":"product_cat-sur-le-site","12":"product_cat-telechargeable","13":"product_cat-travaux-pedagogiques","14":"product_tag-architecture","15":"product_tag-debat","16":"product_tag-professions","17":"product_tag-recherche","18":"product_shipping_class-telechargement","20":"first","21":"instock","22":"featured","23":"downloadable","24":"virtual","25":"sold-individually","26":"purchasable","27":"product-type-simple"},"jetpack_sharing_enabled":true,"_links":{"self":[{"href":"https:\/\/architecturalpress.org\/index.php\/wp-json\/wp\/v2\/product\/3373","targetHints":{"allow":["GET"]}}],"collection":[{"href":"https:\/\/architecturalpress.org\/index.php\/wp-json\/wp\/v2\/product"}],"about":[{"href":"https:\/\/architecturalpress.org\/index.php\/wp-json\/wp\/v2\/types\/product"}],"wp:featuredmedia":[{"embeddable":true,"href":"https:\/\/architecturalpress.org\/index.php\/wp-json\/wp\/v2\/media\/3592"}],"wp:attachment":[{"href":"https:\/\/architecturalpress.org\/index.php\/wp-json\/wp\/v2\/media?parent=3373"}],"wp:term":[{"taxonomy":"product_brand","embeddable":true,"href":"https:\/\/architecturalpress.org\/index.php\/wp-json\/wp\/v2\/product_brand?post=3373"},{"taxonomy":"product_cat","embeddable":true,"href":"https:\/\/architecturalpress.org\/index.php\/wp-json\/wp\/v2\/product_cat?post=3373"},{"taxonomy":"product_tag","embeddable":true,"href":"https:\/\/architecturalpress.org\/index.php\/wp-json\/wp\/v2\/product_tag?post=3373"}],"curies":[{"name":"wp","href":"https:\/\/api.w.org\/{rel}","templated":true}]}}